{"id":479,"date":"2019-03-25T09:30:47","date_gmt":"2019-03-25T09:30:47","guid":{"rendered":"http:\/\/brf.ipsos.de\/?page_id=479"},"modified":"2022-05-25T10:57:03","modified_gmt":"2022-05-25T08:57:03","slug":"wir-sind-die-bahnreisenforschung","status":"publish","type":"page","link":"https:\/\/www.bahnreisenforschung.de\/?page_id=479","title":{"rendered":"Wir sind die Bahnreisenforschung"},"content":{"rendered":"<p>[et_pb_section fb_built=&#8221;1&#8243; custom_padding_last_edited=&#8221;on|desktop&#8221; admin_label=&#8221;Section&#8221; _builder_version=&#8221;4.17.4&#8243; background_position=&#8221;bottom_center&#8221; custom_margin=&#8221;2px||&#8221; custom_margin_tablet=&#8221;0px||0px&#8221; custom_margin_last_edited=&#8221;off|desktop&#8221; custom_padding=&#8221;|||&#8221; custom_padding_tablet=&#8221;0px||0px|&#8221; custom_padding_phone=&#8221;||&#8221; top_divider_color=&#8221;#CCECEC&#8221; top_divider_height=&#8221;50px&#8221; top_divider_arrangement=&#8221;above_content&#8221; top_divider_height_tablet=&#8221;0px&#8221; top_divider_height_phone=&#8221;0px&#8221; top_divider_height_last_edited=&#8221;on|phone&#8221; bottom_divider_style=&#8221;slant&#8221; bottom_divider_color=&#8221;#009EA0&#8243; bottom_divider_height=&#8221;50px&#8221; bottom_divider_arrangement=&#8221;above_content&#8221; bottom_divider_height_tablet=&#8221;0px&#8221; bottom_divider_height_phone=&#8221;0px&#8221; bottom_divider_height_last_edited=&#8221;on|tablet&#8221; hover_enabled=&#8221;0&#8243; locked=&#8221;off&#8221; global_colors_info=&#8221;{}&#8221; sticky_enabled=&#8221;0&#8243;][et_pb_row make_equal=&#8221;on&#8221; custom_padding_last_edited=&#8221;off|tablet&#8221; disabled_on=&#8221;off|off|off&#8221; admin_label=&#8221;Row&#8221; module_class=&#8221; et_pb_row_fullwidth&#8221; _builder_version=&#8221;4.16&#8243; background_color=&#8221;rgba(255,255,255,0.5)&#8221; background_image=&#8221;https:\/\/www.bahnreisenforschung.de\/wp-content\/uploads\/2019\/05\/Handy-mit-ICE-1310&#215;855.jpg&#8221; background_position=&#8221;center_right&#8221; width=&#8221;100%&#8221; width_tablet=&#8221;100%&#8221; width_last_edited=&#8221;off|desktop&#8221; max_width_tablet=&#8221;100%&#8221; max_width_last_edited=&#8221;off|desktop&#8221; height=&#8221;450px&#8221; height_tablet=&#8221;450px&#8221; height_phone=&#8221;300px&#8221; height_last_edited=&#8221;on|desktop&#8221; custom_padding=&#8221;0px|0px|0px|0px|false|false&#8221; custom_padding_tablet=&#8221;0px|||&#8221; make_fullwidth=&#8221;on&#8221; global_colors_info=&#8221;{}&#8221;][et_pb_column type=&#8221;4_4&#8243; _builder_version=&#8221;4.16&#8243; custom_padding=&#8221;|||&#8221; global_colors_info=&#8221;{}&#8221; custom_padding__hover=&#8221;|||&#8221;][et_pb_code admin_label=&#8221;Placeholder\/ Spacer (do not touch)&#8221; _builder_version=&#8221;4.16&#8243; height=&#8221;400px&#8221; height_tablet=&#8221;400px&#8221; height_phone=&#8221;250px&#8221; height_last_edited=&#8221;on|phone&#8221; custom_margin_tablet=&#8221;|||&#8221; custom_margin_phone=&#8221;&#8221; custom_margin_last_edited=&#8221;on|tablet&#8221; global_colors_info=&#8221;{}&#8221;][\/et_pb_code][et_pb_text admin_label=&#8221;Header Text (Page Title)&#8221; _builder_version=&#8221;4.16&#8243; text_font=&#8221;||||||||&#8221; header_font=&#8221;||||||||&#8221; header_text_align=&#8221;center&#8221; header_text_color=&#8221;#2f469c&#8221; header_line_height=&#8221;50px&#8221; header_2_font=&#8221;||||||||&#8221; background_color=&#8221;rgba(255,255,255,0.8)&#8221; z_index=&#8221;1&#8243; height=&#8221;50px&#8221; height_tablet=&#8221;50px&#8221; height_phone=&#8221;50px&#8221; height_last_edited=&#8221;off|phone&#8221; custom_margin=&#8221;||&#8221; custom_margin_tablet=&#8221;||&#8221; custom_margin_phone=&#8221;||&#8221; custom_margin_last_edited=&#8221;off|phone&#8221; custom_css_main_element=&#8221;margin-top: auto;&#8221; global_colors_info=&#8221;{}&#8221;]<\/p>\n<h1>Wir sind die Bahnreisenforschung<\/h1>\n<p>[\/et_pb_text][\/et_pb_column][\/et_pb_row][et_pb_row custom_padding_last_edited=&#8221;off|desktop&#8221; disabled_on=&#8221;off|off|off&#8221; admin_label=&#8221;Row&#8221; module_class=&#8221; et_pb_row_fullwidth&#8221; _builder_version=&#8221;4.16&#8243; background_color=&#8221;rgba(255,255,255,0.8)&#8221; background_size=&#8221;initial&#8221; width=&#8221;100%&#8221; width_tablet=&#8221;100%&#8221; width_phone=&#8221;&#8221; width_last_edited=&#8221;on|desktop&#8221; max_width=&#8221;100%&#8221; max_width_tablet=&#8221;100%&#8221; max_width_phone=&#8221;&#8221; max_width_last_edited=&#8221;on|desktop&#8221; custom_padding=&#8221;0px|0px|0px|0px|false|false&#8221; custom_padding_tablet=&#8221;|||&#8221; custom_padding_phone=&#8221;|||&#8221; make_fullwidth=&#8221;on&#8221; global_colors_info=&#8221;{}&#8221;][et_pb_column type=&#8221;4_4&#8243; _builder_version=&#8221;4.16&#8243; custom_padding=&#8221;|||&#8221; custom_padding_last_edited=&#8221;off|desktop&#8221; global_colors_info=&#8221;{}&#8221; custom_padding__hover=&#8221;|||&#8221;][et_pb_text admin_label=&#8221;Example Text Module&#8221; _builder_version=&#8221;4.16&#8243; text_font=&#8221;||||||||&#8221; background_color=&#8221;#ffffff&#8221; custom_margin=&#8221;|||&#8221; custom_padding=&#8221;10px|10px|10px|10px&#8221; custom_padding_tablet=&#8221;||10px|&#8221; custom_padding_last_edited=&#8221;off|phone&#8221; global_colors_info=&#8221;{}&#8221;]<\/p>\n<p>Unser Institut Ipsos ist spezialisiert auf Markt-, Meinungs- und Sozialforschung und wurde bereits 1975 in Paris gegr\u00fcndet. Wir geh\u00f6ren in Deutschland und weltweit zu den Top 3 der Branche und arbeiten f\u00fcr eine Vielzahl von Kunden aus den verschiedensten Bereichen.<\/p>\n<p>Bereits seit 1995 f\u00fchren wir im Auftrag der Deutschen Bahn AG bundesweit Z\u00e4hlungen und Befragungen in den Z\u00fcgen des Regional- und Fernverkehrs durch. Das Reisenden-Erfassungs-System (RES) geh\u00f6rt zu den gr\u00f6\u00dften quantitativen Marktforschungsprojekten Europas und ist eines der wichtigsten Instrumente zur Messung der Nachfrage nach Verkehrsleistungen der Deutschen Bahn AG. Sie gewinnt damit nicht nur wichtige Daten zur Erl\u00f6sermittlung, sondern auch Informationen \u00fcber das Nutzungsverhalten ihrer Kunden oder kann wichtige Umsteigebeziehungen ermitteln.<\/p>\n<p>Unsere Aufgabe in diesem gro\u00dfen Projekt ist die Organisation der Feldleistung, d.h. Erhebungsdurchf\u00fchrung und Qualit\u00e4tssicherung. Die Z\u00e4hlungen und Befragungen werden in einer vorgegebenen Stichprobe direkt auf den Z\u00fcgen der DB AG durchgef\u00fchrt. Unser Einsatzschwerpunkt liegt im Nahverkehr derzeit in Baden-W\u00fcrttemberg und Bayern.<\/p>\n<p>Mehr \u00fcber Ipsos erfahren Sie auf unserer Website <a href=\"https:\/\/www.ipsos.com\/de-de\" target=\"_blank\" rel=\"noopener noreferrer\" title=\"https:\/\/www.ipsos.com\/de-de\">https:\/\/www.ipsos.com\/de-de<\/a>.<\/p>\n<p>&nbsp;<\/p>\n<p>[\/et_pb_text][et_pb_code admin_label=&#8221;Spacer Bottom&#8221; _builder_version=&#8221;4.16&#8243; height=&#8221;50px&#8221; height_tablet=&#8221;0px&#8221; height_phone=&#8221;0px&#8221; height_last_edited=&#8221;on|desktop&#8221; locked=&#8221;off&#8221; global_colors_info=&#8221;{}&#8221;][\/et_pb_code][\/et_pb_column][\/et_pb_row][\/et_pb_section]<\/p>\n","protected":false},"excerpt":{"rendered":"<p>Wir sind die BahnreisenforschungUnser Institut Ipsos ist spezialisiert auf Markt-, Meinungs- und Sozialforschung und wurde bereits 1975 in Paris gegr\u00fcndet. Wir geh\u00f6ren in Deutschland und weltweit zu den Top 3 der Branche und arbeiten f\u00fcr eine Vielzahl von Kunden aus den verschiedensten Bereichen. Bereits seit 1995 f\u00fchren wir im Auftrag der Deutschen Bahn AG bundesweit [&hellip;]<\/p>\n","protected":false},"author":1,"featured_media":0,"parent":0,"menu_order":0,"comment_status":"closed","ping_status":"closed","template":"","meta":{"_et_pb_use_builder":"on","_et_pb_old_content":"","_et_gb_content_width":"","footnotes":""},"class_list":["post-479","page","type-page","status-publish","hentry"],"_links":{"self":[{"href":"https:\/\/www.bahnreisenforschung.de\/index.php?rest_route=\/wp\/v2\/pages\/479","targetHints":{"allow":["GET"]}}],"collection":[{"href":"https:\/\/www.bahnreisenforschung.de\/index.php?rest_route=\/wp\/v2\/pages"}],"about":[{"href":"https:\/\/www.bahnreisenforschung.de\/index.php?rest_route=\/wp\/v2\/types\/page"}],"author":[{"embeddable":true,"href":"https:\/\/www.bahnreisenforschung.de\/index.php?rest_route=\/wp\/v2\/users\/1"}],"replies":[{"embeddable":true,"href":"https:\/\/www.bahnreisenforschung.de\/index.php?rest_route=%2Fwp%2Fv2%2Fcomments&post=479"}],"version-history":[{"count":25,"href":"https:\/\/www.bahnreisenforschung.de\/index.php?rest_route=\/wp\/v2\/pages\/479\/revisions"}],"predecessor-version":[{"id":5346,"href":"https:\/\/www.bahnreisenforschung.de\/index.php?rest_route=\/wp\/v2\/pages\/479\/revisions\/5346"}],"wp:attachment":[{"href":"https:\/\/www.bahnreisenforschung.de\/index.php?rest_route=%2Fwp%2Fv2%2Fmedia&parent=479"}],"curies":[{"name":"wp","href":"https:\/\/api.w.org\/{rel}","templated":true}]}}