{"id":16,"date":"2019-03-20T15:10:34","date_gmt":"2019-03-20T15:10:34","guid":{"rendered":"http:\/\/brf.ipsos.de\/?page_id=16"},"modified":"2025-01-30T19:04:55","modified_gmt":"2025-01-30T17:04:55","slug":"startseite","status":"publish","type":"page","link":"https:\/\/www.bahnreisenforschung.de\/","title":{"rendered":"Startseite"},"content":{"rendered":"<p>[et_pb_section fb_built=&#8221;1&#8243; custom_padding_last_edited=&#8221;on|desktop&#8221; admin_label=&#8221;Section&#8221; _builder_version=&#8221;4.16&#8243; parallax=&#8221;on&#8221; custom_margin_tablet=&#8221;0px||0px&#8221; custom_margin_last_edited=&#8221;off|desktop&#8221; custom_padding=&#8221;|||&#8221; custom_padding_tablet=&#8221;10px|10px|10px|10px&#8221; custom_padding_phone=&#8221;10px||10px&#8221; top_divider_style=&#8221;slant&#8221; top_divider_color=&#8221;#009EA0&#8243; top_divider_height=&#8221;50px&#8221; top_divider_height_tablet=&#8221;0px&#8221; top_divider_height_phone=&#8221;0px&#8221; top_divider_height_last_edited=&#8221;on|phone&#8221; bottom_divider_style=&#8221;slant&#8221; bottom_divider_color=&#8221;#009EA0&#8243; bottom_divider_height=&#8221;50px&#8221; bottom_divider_height_tablet=&#8221;0px&#8221; bottom_divider_height_phone=&#8221;0px&#8221; bottom_divider_height_last_edited=&#8221;on|tablet&#8221; global_colors_info=&#8221;{}&#8221;][et_pb_row column_structure=&#8221;1_3,1_3,1_3&#8243; use_custom_gutter=&#8221;on&#8221; gutter_width=&#8221;2&#8243; make_equal=&#8221;on&#8221; custom_padding_last_edited=&#8221;on|desktop&#8221; admin_label=&#8221;Row&#8221; module_class=&#8221; et_pb_row_fullwidth&#8221; _builder_version=&#8221;4.16&#8243; background_color=&#8221;rgba(255,255,255,0.8)&#8221; width=&#8221;100%&#8221; width_tablet=&#8221;&#8221; width_phone=&#8221;&#8221; width_last_edited=&#8221;on|tablet&#8221; max_width=&#8221;100%&#8221; max_width_tablet=&#8221;&#8221; max_width_phone=&#8221;&#8221; max_width_last_edited=&#8221;on|tablet&#8221; custom_margin_tablet=&#8221;|0px||0px&#8221; custom_margin_last_edited=&#8221;off|phone&#8221; custom_padding=&#8221;75px|20px|75px|20px|false|false&#8221; custom_padding_tablet=&#8221;0px|0px|0px|0px&#8221; custom_padding_phone=&#8221;&#8221; make_fullwidth=&#8221;on&#8221; global_colors_info=&#8221;{}&#8221;][et_pb_column type=&#8221;1_3&#8243; _builder_version=&#8221;4.16&#8243; background_color=&#8221;rgba(0,0,0,0.05)&#8221; custom_padding=&#8221;|10px|10px|10px&#8221; custom_padding_tablet=&#8221;|10px||10px&#8221; custom_padding_phone=&#8221;&#8221; custom_padding_last_edited=&#8221;on|desktop&#8221; global_colors_info=&#8221;{}&#8221; custom_padding__hover=&#8221;|||&#8221;][et_pb_image src=&#8221;https:\/\/www.bahnreisenforschung.de\/wp-content\/uploads\/2019\/05\/Handy-mit-ICE-700.jpg&#8221; url=&#8221;?page_id=479&#8243; show_bottom_space=&#8221;off&#8221; align_tablet=&#8221;center&#8221; align_phone=&#8221;&#8221; align_last_edited=&#8221;on|desktop&#8221; _builder_version=&#8221;4.17.4&#8243; custom_margin=&#8221;-10px|-10px|10px|-10px||&#8221; custom_margin_tablet=&#8221;0px||&#8221; custom_margin_phone=&#8221;&#8221; custom_margin_last_edited=&#8221;on|phone&#8221; border_width_bottom=&#8221;2px&#8221; border_color_bottom=&#8221;gcid-39f15e49-312e-4662-9637-2d2fa1b61fac&#8221; global_colors_info=&#8221;{%22gcid-39f15e49-312e-4662-9637-2d2fa1b61fac%22:%91%22border_color_bottom%22%93}&#8221;][\/et_pb_image][et_pb_text _builder_version=&#8221;4.16&#8243; header_font=&#8221;||||||||&#8221; header_2_font=&#8221;||||||||&#8221; header_2_text_color=&#8221;#2f469c&#8221; height=&#8221;75px&#8221; height_tablet=&#8221;&#8221; height_phone=&#8221;&#8221; height_last_edited=&#8221;on|desktop&#8221; custom_margin=&#8221;||5px|||&#8221; global_colors_info=&#8221;{}&#8221;]<\/p>\n<h2>Wir sind die Bahnreisenforschung<\/h2>\n<p>[\/et_pb_text][et_pb_text _builder_version=&#8221;4.16&#8243; height=&#8221;100px&#8221; height_tablet=&#8221;&#8221; height_phone=&#8221;&#8221; height_last_edited=&#8221;on|desktop&#8221; custom_margin=&#8221;||10px|||&#8221; global_colors_info=&#8221;{}&#8221;]<\/p>\n<p>Hier erhalten Sie Informationen \u00fcber die Bahnreisenforschung der Ipsos GmbH<\/p>\n<p>[\/et_pb_text][et_pb_button button_url=&#8221;https:\/\/bewerbung.ipsos.de\/project\/projekt-bahnreisenforschung\/&#8221; button_text=&#8221;Weiterlesen&#8221; button_alignment=&#8221;center&#8221; _builder_version=&#8221;4.27.0&#8243; custom_margin=&#8221;||&#8221; hover_enabled=&#8221;0&#8243; global_colors_info=&#8221;{}&#8221; url_new_window=&#8221;on&#8221; sticky_enabled=&#8221;0&#8243;][\/et_pb_button][et_pb_divider show_divider=&#8221;off&#8221; disabled_on=&#8221;off|off|on&#8221; _builder_version=&#8221;4.16&#8243; background_color=&#8221;#ffffff&#8221; custom_margin=&#8221;10px|-10px|-10px|-10px&#8221; global_colors_info=&#8221;{}&#8221;][\/et_pb_divider][\/et_pb_column][et_pb_column type=&#8221;1_3&#8243; _builder_version=&#8221;4.16&#8243; background_color=&#8221;rgba(0,0,0,0.05)&#8221; custom_padding=&#8221;|10px|10px|10px&#8221; custom_padding_last_edited=&#8221;off|desktop&#8221; global_colors_info=&#8221;{}&#8221; custom_padding__hover=&#8221;|||&#8221;][et_pb_image src=&#8221;https:\/\/www.bahnreisenforschung.de\/wp-content\/uploads\/2025\/01\/Bewerbung2.png&#8221; url=&#8221;?page_id=489&#8243; align_tablet=&#8221;center&#8221; align_phone=&#8221;&#8221; align_last_edited=&#8221;on|desktop&#8221; _builder_version=&#8221;4.27.0&#8243; background_enable_image=&#8221;off&#8221; custom_margin=&#8221;-10px|-10px|10px|-10px||&#8221; custom_margin_tablet=&#8221;0px||10px&#8221; custom_margin_phone=&#8221;&#8221; custom_margin_last_edited=&#8221;on|tablet&#8221; custom_padding=&#8221;||&#8221; hover_enabled=&#8221;0&#8243; border_width_bottom=&#8221;2px&#8221; border_color_bottom=&#8221;gcid-39f15e49-312e-4662-9637-2d2fa1b61fac&#8221; global_colors_info=&#8221;{%22gcid-39f15e49-312e-4662-9637-2d2fa1b61fac%22:%91%22border_color_bottom%22%93}&#8221; title_text=&#8221;Bewerbung2&#8243; sticky_enabled=&#8221;0&#8243;][\/et_pb_image][et_pb_text _builder_version=&#8221;4.16&#8243; header_font=&#8221;||||||||&#8221; header_2_font=&#8221;||||||||&#8221; header_2_text_color=&#8221;#2f469c&#8221; height=&#8221;75px&#8221; height_tablet=&#8221;&#8221; height_phone=&#8221;&#8221; height_last_edited=&#8221;on|desktop&#8221; custom_margin=&#8221;||5px|||&#8221; global_colors_info=&#8221;{}&#8221;]<\/p>\n<h2 class=\"et_pb_module_header et-fb-editable-element et-fb-editable-element__editing\" data-shortcode-id=\"1.0.1.0-1557404296828\" data-quickaccess-id=\"header\" contenteditable=\"true\">Werden Sie Teil von uns<\/h2>\n<p>[\/et_pb_text][et_pb_text _builder_version=&#8221;4.16&#8243; height=&#8221;100px&#8221; height_tablet=&#8221;&#8221; height_phone=&#8221;&#8221; height_last_edited=&#8221;on|desktop&#8221; custom_margin=&#8221;||10px|||&#8221; global_colors_info=&#8221;{}&#8221;]<\/p>\n<p>Hier erhalten Sie Informationen \u00fcber die T\u00e4tigkeit als Fahrgastz\u00e4hler oder Interviewer und aktuelle Stellenangebote<\/p>\n<p>[\/et_pb_text][et_pb_button button_url=&#8221;https:\/\/bewerbung.ipsos.de\/bist-du-dabei\/&#8221; url_new_window=&#8221;on&#8221; button_text=&#8221;Weiterlesen&#8221; button_alignment=&#8221;center&#8221; _builder_version=&#8221;4.27.0&#8243; global_colors_info=&#8221;{}&#8221;][\/et_pb_button][et_pb_divider show_divider=&#8221;off&#8221; disabled_on=&#8221;off|off|on&#8221; _builder_version=&#8221;4.16&#8243; background_color=&#8221;#ffffff&#8221; custom_margin=&#8221;10px|-10px|-10px|-10px&#8221; global_colors_info=&#8221;{}&#8221;][\/et_pb_divider][\/et_pb_column][et_pb_column type=&#8221;1_3&#8243; _builder_version=&#8221;4.16&#8243; background_color=&#8221;rgba(0,0,0,0.05)&#8221; custom_padding=&#8221;|10px|10px|10px&#8221; global_colors_info=&#8221;{}&#8221; custom_padding__hover=&#8221;|||&#8221;][et_pb_image src=&#8221;https:\/\/www.bahnreisenforschung.de\/wp-content\/uploads\/2019\/05\/Notebook-mit-Schloss-700.jpg&#8221; url=&#8221;?page_id=460&#8243; show_bottom_space=&#8221;off&#8221; align_tablet=&#8221;center&#8221; align_phone=&#8221;&#8221; align_last_edited=&#8221;on|desktop&#8221; _builder_version=&#8221;4.17.4&#8243; custom_margin=&#8221;-10px|-10px|10px|-10px||&#8221; custom_margin_tablet=&#8221;0px|||&#8221; custom_margin_phone=&#8221;0px|||&#8221; custom_margin_last_edited=&#8221;on|desktop&#8221; border_width_bottom=&#8221;2px&#8221; border_color_bottom=&#8221;gcid-39f15e49-312e-4662-9637-2d2fa1b61fac&#8221; global_colors_info=&#8221;{%22gcid-39f15e49-312e-4662-9637-2d2fa1b61fac%22:%91%22border_color_bottom%22%93}&#8221;][\/et_pb_image][et_pb_text _builder_version=&#8221;4.16&#8243; header_font=&#8221;||||||||&#8221; header_2_font=&#8221;||||||||&#8221; header_2_text_color=&#8221;#2f469c&#8221; height=&#8221;75px&#8221; height_tablet=&#8221;&#8221; height_phone=&#8221;&#8221; height_last_edited=&#8221;on|desktop&#8221; custom_margin=&#8221;||5px|||&#8221; global_colors_info=&#8221;{}&#8221;]<\/p>\n<h2 class=\"et_pb_module_header et-fb-editable-element et-fb-editable-element__editing\" data-shortcode-id=\"1.0.2.0-1557404296865\" data-quickaccess-id=\"header\" contenteditable=\"true\">Interviewer-Bereich<\/h2>\n<p>[\/et_pb_text][et_pb_text _builder_version=&#8221;4.16&#8243; height=&#8221;100px&#8221; height_tablet=&#8221;&#8221; height_phone=&#8221;&#8221; height_last_edited=&#8221;on|tablet&#8221; custom_margin=&#8221;||10px|||&#8221; global_colors_info=&#8221;{}&#8221;]<\/p>\n<p>Dieser Bereich ist f\u00fcr die Mitarbeiter der Ipsos GmbH und f\u00fcr deren Interviewer zug\u00e4nglich<\/p>\n<p>[\/et_pb_text][et_pb_button button_url=&#8221;?page_id=460&#8243; button_text=&#8221;Hier anmelden&#8221; button_alignment=&#8221;center&#8221; _builder_version=&#8221;4.16&#8243; custom_margin_tablet=&#8221;|||&#8221; custom_margin_phone=&#8221;||10px|&#8221; custom_margin_last_edited=&#8221;off|desktop&#8221; custom_padding=&#8221;||&#8221; global_colors_info=&#8221;{}&#8221;][\/et_pb_button][et_pb_divider show_divider=&#8221;off&#8221; disabled_on=&#8221;off|off|on&#8221; _builder_version=&#8221;4.16&#8243; background_color=&#8221;#ffffff&#8221; custom_margin=&#8221;10px|-10px|-10px|-10px&#8221; global_colors_info=&#8221;{}&#8221;][\/et_pb_divider][\/et_pb_column][\/et_pb_row][\/et_pb_section]<\/p>\n","protected":false},"excerpt":{"rendered":"<p>Wir sind die BahnreisenforschungHier erhalten Sie Informationen \u00fcber die Bahnreisenforschung der Ipsos GmbHWerden Sie Teil von unsHier erhalten Sie Informationen \u00fcber die T\u00e4tigkeit als Fahrgastz\u00e4hler oder Interviewer und aktuelle StellenangeboteInterviewer-BereichDieser Bereich ist f\u00fcr die Mitarbeiter der Ipsos GmbH und f\u00fcr deren Interviewer zug\u00e4nglich<\/p>\n","protected":false},"author":1,"featured_media":0,"parent":0,"menu_order":0,"comment_status":"closed","ping_status":"closed","template":"","meta":{"_et_pb_use_builder":"on","_et_pb_old_content":"","_et_gb_content_width":"","footnotes":""},"class_list":["post-16","page","type-page","status-publish","hentry"],"_links":{"self":[{"href":"https:\/\/www.bahnreisenforschung.de\/index.php?rest_route=\/wp\/v2\/pages\/16","targetHints":{"allow":["GET"]}}],"collection":[{"href":"https:\/\/www.bahnreisenforschung.de\/index.php?rest_route=\/wp\/v2\/pages"}],"about":[{"href":"https:\/\/www.bahnreisenforschung.de\/index.php?rest_route=\/wp\/v2\/types\/page"}],"author":[{"embeddable":true,"href":"https:\/\/www.bahnreisenforschung.de\/index.php?rest_route=\/wp\/v2\/users\/1"}],"replies":[{"embeddable":true,"href":"https:\/\/www.bahnreisenforschung.de\/index.php?rest_route=%2Fwp%2Fv2%2Fcomments&post=16"}],"version-history":[{"count":223,"href":"https:\/\/www.bahnreisenforschung.de\/index.php?rest_route=\/wp\/v2\/pages\/16\/revisions"}],"predecessor-version":[{"id":8288,"href":"https:\/\/www.bahnreisenforschung.de\/index.php?rest_route=\/wp\/v2\/pages\/16\/revisions\/8288"}],"wp:attachment":[{"href":"https:\/\/www.bahnreisenforschung.de\/index.php?rest_route=%2Fwp%2Fv2%2Fmedia&parent=16"}],"curies":[{"name":"wp","href":"https:\/\/api.w.org\/{rel}","templated":true}]}}